{"id":3306,"date":"2022-01-20T11:05:19","date_gmt":"2022-01-20T10:05:19","guid":{"rendered":"https:\/\/madoaparis.com\/produit\/soiree-faubourg-st-honore-rooibos-chocolate-infusion\/"},"modified":"2022-11-08T11:49:58","modified_gmt":"2022-11-08T10:49:58","slug":"soiree-faubourg-st-honore-infusion-rooibos-chocolate","status":"publish","type":"product","link":"https:\/\/madoaparis.com\/en\/produit\/soiree-faubourg-st-honore-infusion-rooibos-chocolate\/","title":{"rendered":"Soir\u00e9e Faubourg St.Honor\u00e9 &#8211; Rooibos &amp; chocolate infusion"},"content":{"rendered":"","protected":false},"excerpt":{"rendered":"<p>Mado \u00e0 Paris box with 20 sachets<\/p>\n<p>Red Rooibos infusion with gourmet notes of cocoa bark and cinnamon.<\/p>\n<h5>Infusion tips:<\/h5>\n<p>90\u00b0C for 5 min<\/p>\n<h5>Storage tips:<\/h5>\n<p>Close the box after each use. Store in a dry place.<\/p>\n<p>Contains licorice: do not consume excessively for people with high blood pressure.<\/p>\n<h5>Composition:<\/h5>\n<p>Rooibos, cocoa bark, cinnamon, licorice.<\/p>\n","protected":false},"featured_media":3126,"comment_status":"open","ping_status":"closed","template":"","meta":{"_monsterinsights_skip_tracking":false,"_monsterinsights_sitenote_active":false,"_monsterinsights_sitenote_note":"","_monsterinsights_sitenote_category":0},"product_brand":[],"product_cat":[56,61],"product_tag":[],"class_list":{"0":"post-3306","1":"product","2":"type-product","3":"status-publish","4":"has-post-thumbnail","6":"product_cat-our-other-delicacies","7":"product_cat-teas","9":"first","10":"outofstock","11":"taxable","12":"shipping-taxable","13":"purchasable","14":"product-type-simple"},"aioseo_notices":[],"_links":{"self":[{"href":"https:\/\/madoaparis.com\/en\/wp-json\/wp\/v2\/product\/3306","targetHints":{"allow":["GET"]}}],"collection":[{"href":"https:\/\/madoaparis.com\/en\/wp-json\/wp\/v2\/product"}],"about":[{"href":"https:\/\/madoaparis.com\/en\/wp-json\/wp\/v2\/types\/product"}],"replies":[{"embeddable":true,"href":"https:\/\/madoaparis.com\/en\/wp-json\/wp\/v2\/comments?post=3306"}],"wp:featuredmedia":[{"embeddable":true,"href":"https:\/\/madoaparis.com\/en\/wp-json\/wp\/v2\/media\/3126"}],"wp:attachment":[{"href":"https:\/\/madoaparis.com\/en\/wp-json\/wp\/v2\/media?parent=3306"}],"wp:term":[{"taxonomy":"product_brand","embeddable":true,"href":"https:\/\/madoaparis.com\/en\/wp-json\/wp\/v2\/product_brand?post=3306"},{"taxonomy":"product_cat","embeddable":true,"href":"https:\/\/madoaparis.com\/en\/wp-json\/wp\/v2\/product_cat?post=3306"},{"taxonomy":"product_tag","embeddable":true,"href":"https:\/\/madoaparis.com\/en\/wp-json\/wp\/v2\/product_tag?post=3306"}],"curies":[{"name":"wp","href":"https:\/\/api.w.org\/{rel}","templated":true}]}}