{"id":3603,"date":"2022-11-21T12:47:24","date_gmt":"2022-11-21T11:47:24","guid":{"rendered":"https:\/\/madoaparis.com\/?page_id=3603"},"modified":"2022-11-21T13:01:12","modified_gmt":"2022-11-21T12:01:12","slug":"press","status":"publish","type":"page","link":"https:\/\/madoaparis.com\/en\/press\/","title":{"rendered":"Press"},"content":{"rendered":"<div class=\"wpb-content-wrapper\"><p>[vc_row unlock_row_content=&#8221;yes&#8221; row_height_percent=&#8221;50&#8243; back_image=&#8221;411&#8243; back_position=&#8221;center bottom&#8221; parallax=&#8221;yes&#8221; overlay_alpha=&#8221;50&#8243; gutter_size=&#8221;3&#8243; column_width_percent=&#8221;100&#8243; shift_y=&#8221;0&#8243; z_index=&#8221;0&#8243; mobile_visibility=&#8221;yes&#8221; uncode_shortcode_id=&#8221;133259&#8243; row_height_pixel=&#8221;200&#8243; shape_dividers=&#8221;&#8221;][vc_column column_width_percent=&#8221;100&#8243; gutter_size=&#8221;3&#8243; overlay_alpha=&#8221;50&#8243; shift_x=&#8221;0&#8243; shift_y=&#8221;-3&#8243; shift_y_down=&#8221;0&#8243; z_index=&#8221;0&#8243; medium_width=&#8221;0&#8243; mobile_width=&#8221;0&#8243; width=&#8221;1\/1&#8243; uncode_shortcode_id=&#8221;204763&#8243;][\/vc_column][\/vc_row][vc_row unlock_row_content=&#8221;yes&#8221; row_height_percent=&#8221;70&#8243; back_image=&#8221;370&#8243; back_position=&#8221;center bottom&#8221; parallax=&#8221;yes&#8221; overlay_alpha=&#8221;50&#8243; gutter_size=&#8221;3&#8243; column_width_percent=&#8221;100&#8243; shift_y=&#8221;0&#8243; z_index=&#8221;0&#8243; desktop_visibility=&#8221;yes&#8221; medium_visibility=&#8221;yes&#8221; uncode_shortcode_id=&#8221;858022&#8243; row_height_pixel=&#8221;200&#8243;][vc_column column_width_percent=&#8221;100&#8243; gutter_size=&#8221;3&#8243; overlay_alpha=&#8221;50&#8243; shift_x=&#8221;0&#8243; shift_y=&#8221;-3&#8243; shift_y_down=&#8221;0&#8243; z_index=&#8221;0&#8243; medium_width=&#8221;0&#8243; mobile_width=&#8221;0&#8243; width=&#8221;1\/1&#8243; uncode_shortcode_id=&#8221;204763&#8243;][vc_row_inner row_inner_height_percent=&#8221;0&#8243; overlay_alpha=&#8221;50&#8243; gutter_size=&#8221;3&#8243; shift_y=&#8221;0&#8243; z_index=&#8221;0&#8243; desktop_visibility=&#8221;yes&#8221; medium_visibility=&#8221;yes&#8221; uncode_shortcode_id=&#8221;182885&#8243;][vc_column_inner column_width_percent=&#8221;100&#8243; position_vertical=&#8221;middle&#8221; align_horizontal=&#8221;align_center&#8221; gutter_size=&#8221;2&#8243; style=&#8221;dark&#8221; overlay_alpha=&#8221;50&#8243; shift_x=&#8221;0&#8243; shift_y=&#8221;0&#8243; shift_y_down=&#8221;0&#8243; z_index=&#8221;0&#8243; medium_width=&#8221;0&#8243; mobile_width=&#8221;0&#8243; width=&#8221;1\/1&#8243; uncode_shortcode_id=&#8221;964943&#8243;][vc_empty_space empty_h=&#8221;2&#8243;][vc_custom_heading text_font=&#8221;font-627233&#8243; text_size=&#8221;fontsize-175653&#8243; text_weight=&#8221;400&#8243; uncode_shortcode_id=&#8221;242201&#8243;]Discover our[\/vc_custom_heading][vc_custom_heading text_color=&#8221;color-jevc&#8221; text_font=&#8221;font-190878&#8243; text_size=&#8221;fontsize-150607&#8243; text_weight=&#8221;800&#8243; uncode_shortcode_id=&#8221;199881&#8243; text_color_type=&#8221;uncode-palette&#8221; el_class=&#8221;mado-title&#8221;]Press appearances[\/vc_custom_heading][\/vc_column_inner][\/vc_row_inner][\/vc_column][\/vc_row][vc_row][vc_column column_width_percent=&#8221;100&#8243; align_horizontal=&#8221;align_center&#8221; gutter_size=&#8221;3&#8243; overlay_alpha=&#8221;50&#8243; shift_x=&#8221;0&#8243; shift_y=&#8221;0&#8243; shift_y_down=&#8221;0&#8243; z_index=&#8221;0&#8243; medium_width=&#8221;0&#8243; mobile_width=&#8221;0&#8243; width=&#8221;1\/1&#8243; uncode_shortcode_id=&#8221;169496&#8243;][vc_custom_heading heading_semantic=&#8221;h3&#8243; text_font=&#8221;font-190878&#8243; text_size=&#8221;fontsize-179438&#8243; text_weight=&#8221;400&#8243; uncode_shortcode_id=&#8221;207629&#8243;]Discover our<br \/>\nPress appearances[\/vc_custom_heading][\/vc_column][\/vc_row][vc_row row_height_percent=&#8221;0&#8243; overlay_alpha=&#8221;50&#8243; gutter_size=&#8221;4&#8243; column_width_percent=&#8221;100&#8243; shift_y=&#8221;0&#8243; z_index=&#8221;0&#8243; uncode_shortcode_id=&#8221;467734&#8243;][vc_column column_width_percent=&#8221;100&#8243; gutter_size=&#8221;3&#8243; style=&#8221;light&#8221; overlay_alpha=&#8221;50&#8243; shift_x=&#8221;0&#8243; shift_y=&#8221;0&#8243; shift_y_down=&#8221;0&#8243; z_index=&#8221;0&#8243; medium_width=&#8221;0&#8243; mobile_width=&#8221;0&#8243; width=&#8221;1\/3&#8243; uncode_shortcode_id=&#8221;667507&#8243;][vc_single_image media=&#8221;3612&#8243; media_width_percent=&#8221;100&#8243; alignment=&#8221;right&#8221; uncode_shortcode_id=&#8221;101131&#8243;][vc_row_inner][vc_column_inner column_width_percent=&#8221;100&#8243; align_horizontal=&#8221;align_center&#8221; gutter_size=&#8221;3&#8243; overlay_alpha=&#8221;50&#8243; shift_x=&#8221;0&#8243; shift_y=&#8221;0&#8243; shift_y_down=&#8221;0&#8243; z_index=&#8221;0&#8243; medium_width=&#8221;0&#8243; mobile_width=&#8221;0&#8243; width=&#8221;1\/1&#8243; uncode_shortcode_id=&#8221;648071&#8243;][vc_custom_heading heading_semantic=&#8221;h3&#8243; text_font=&#8221;font-190878&#8243; text_size=&#8221;fontsize-179438&#8243; text_weight=&#8221;400&#8243; uncode_shortcode_id=&#8221;157733&#8243; el_class=&#8221;mado-yellow_back&#8221;]Sortir \u00e0 Paris[\/vc_custom_heading][\/vc_column_inner][\/vc_row_inner][vc_column_text text_lead=&#8221;yes&#8221; uncode_shortcode_id=&#8221;816379&#8243;]<span class=\"font-627233\">MADO \u00c0 PARIS : LE SALON DE TH\u00c9 O\u00d9 LES MADELEINES SONT REINES !<\/span><\/p>\n<p><span class=\"font-627233\">Mado \u00e0 Paris est un nouveau salon de th\u00e9 \u00e0 tester \u00e0 Paris ! Ouvert en novembre 2019 sur la rue de Rivoli, face au jardin des Tuileries, cette boutique de madeleine compte bien r\u00e9galer petits et grands avec des recettes gourmandes et r\u00e9gressives \u00e0 consommer avec un th\u00e9 ou un chocolat chaud !<\/span>[\/vc_column_text][vc_row_inner row_inner_height_percent=&#8221;0&#8243; overlay_alpha=&#8221;50&#8243; gutter_size=&#8221;3&#8243; shift_y=&#8221;0&#8243; z_index=&#8221;0&#8243; uncode_shortcode_id=&#8221;128398&#8243; shape_dividers=&#8221;&#8221;][vc_column_inner column_width_percent=&#8221;100&#8243; align_horizontal=&#8221;align_center&#8221; gutter_size=&#8221;3&#8243; style=&#8221;light&#8221; overlay_alpha=&#8221;50&#8243; shift_x=&#8221;0&#8243; shift_y=&#8221;0&#8243; shift_y_down=&#8221;0&#8243; z_index=&#8221;0&#8243; medium_width=&#8221;0&#8243; mobile_width=&#8221;0&#8243; width=&#8221;1\/1&#8243; uncode_shortcode_id=&#8221;137212&#8243;][vc_button button_color=&#8221;color-653206&#8243; size=&#8221;btn-sm&#8221; hover_fx=&#8221;full-colored&#8221; border_width=&#8221;0&#8243; button_color_type=&#8221;uncode-palette&#8221; uncode_shortcode_id=&#8221;102997&#8243; el_class=&#8221;btn-yellow popmake-1242&#8243; link=&#8221;url:https%3A%2F%2Fwww.sortiraparis.com%2Fhotel-restaurant%2Fcafe-tea-time%2Farticles%2F203227-mado-a-paris-le-salon-de-the-ou-les-madeleines-sont-reines|target:_blank|&#8221;]Read more[\/vc_button][\/vc_column_inner][\/vc_row_inner][\/vc_column][vc_column width=&#8221;1\/3&#8243;][vc_single_image media=&#8221;3627&#8243; media_width_percent=&#8221;100&#8243; alignment=&#8221;center&#8221; uncode_shortcode_id=&#8221;103113&#8243;][vc_row_inner][vc_column_inner column_width_percent=&#8221;100&#8243; align_horizontal=&#8221;align_center&#8221; gutter_size=&#8221;3&#8243; overlay_alpha=&#8221;50&#8243; shift_x=&#8221;0&#8243; shift_y=&#8221;0&#8243; shift_y_down=&#8221;0&#8243; z_index=&#8221;0&#8243; medium_width=&#8221;0&#8243; mobile_width=&#8221;0&#8243; width=&#8221;1\/1&#8243; uncode_shortcode_id=&#8221;136525&#8243;][vc_custom_heading heading_semantic=&#8221;h3&#8243; text_font=&#8221;font-190878&#8243; text_size=&#8221;fontsize-179438&#8243; text_weight=&#8221;400&#8243; uncode_shortcode_id=&#8221;599467&#8243; el_class=&#8221;mado-yellow_back&#8221;]Gault &amp; Millau[\/vc_custom_heading][\/vc_column_inner][\/vc_row_inner][vc_column_text text_lead=&#8221;yes&#8221; uncode_shortcode_id=&#8221;176027&#8243;]<span class=\"font-627233\">Mado \u00e0 Paris, dont l\u2019\u00e9g\u00e9rie est Miss Provence, est un univers merveilleux de luxe, de calme et de volupt\u00e9, cr\u00e9\u00e9 par la ni\u00e8ce de Mado. Cette passionn\u00e9e de la vie et des tr\u00e8s beaux produits a d\u00e9cid\u00e9 de revisiter la madeleine pour en faire une ic\u00f4ne \u00e0 se damner du matin au soir. Confortablement install\u00e9 dans son salon de th\u00e9, con\u00e7u \u00e0 l\u2019image de sa biblioth\u00e8que personnelle, on prend le temps de souffler et on s\u2019offre un univers de saveurs, un voyage d\u2019\u00e9motions r\u00e9gressives.<\/span>[\/vc_column_text][vc_row_inner row_inner_height_percent=&#8221;0&#8243; overlay_alpha=&#8221;50&#8243; gutter_size=&#8221;3&#8243; shift_y=&#8221;0&#8243; z_index=&#8221;0&#8243; uncode_shortcode_id=&#8221;128398&#8243; shape_dividers=&#8221;&#8221;][vc_column_inner column_width_percent=&#8221;100&#8243; align_horizontal=&#8221;align_center&#8221; gutter_size=&#8221;3&#8243; style=&#8221;light&#8221; overlay_alpha=&#8221;50&#8243; shift_x=&#8221;0&#8243; shift_y=&#8221;0&#8243; shift_y_down=&#8221;0&#8243; z_index=&#8221;0&#8243; medium_width=&#8221;0&#8243; mobile_width=&#8221;0&#8243; width=&#8221;1\/1&#8243; uncode_shortcode_id=&#8221;137212&#8243;][vc_button button_color=&#8221;color-653206&#8243; size=&#8221;btn-sm&#8221; hover_fx=&#8221;full-colored&#8221; border_width=&#8221;0&#8243; button_color_type=&#8221;uncode-palette&#8221; uncode_shortcode_id=&#8221;222527&#8243; el_class=&#8221;btn-yellow popmake-1242&#8243; link=&#8221;url:https%3A%2F%2Ffr.gaultmillau.com%2Fartisans%2Fmado-a-paris|target:_blank|&#8221;]Read more[\/vc_button][\/vc_column_inner][\/vc_row_inner][\/vc_column][vc_column width=&#8221;1\/3&#8243;][vc_single_image media=&#8221;3630&#8243; media_width_percent=&#8221;60&#8243; alignment=&#8221;center&#8221; uncode_shortcode_id=&#8221;393067&#8243;][vc_row_inner][vc_column_inner column_width_percent=&#8221;100&#8243; align_horizontal=&#8221;align_center&#8221; gutter_size=&#8221;3&#8243; overlay_alpha=&#8221;50&#8243; shift_x=&#8221;0&#8243; shift_y=&#8221;0&#8243; shift_y_down=&#8221;0&#8243; z_index=&#8221;0&#8243; medium_width=&#8221;0&#8243; mobile_width=&#8221;0&#8243; width=&#8221;1\/1&#8243; uncode_shortcode_id=&#8221;281926&#8243;][vc_custom_heading heading_semantic=&#8221;h3&#8243; text_font=&#8221;font-190878&#8243; text_size=&#8221;fontsize-179438&#8243; text_weight=&#8221;400&#8243; uncode_shortcode_id=&#8221;205213&#8243; el_class=&#8221;mado-yellow_back&#8221;]Marshmallowor(l)d[\/vc_custom_heading][\/vc_column_inner][\/vc_row_inner][vc_column_text text_lead=&#8221;yes&#8221; uncode_shortcode_id=&#8221;338296&#8243;]<span class=\"font-627233\">O\u00f9 manger des madeleines \u00e0 Paris ? Dans le quartier de la Madeleine \u00e9videmment ! Une nouvelle boutique a r\u00e9cemment vu le jour rue de Rivoli, \u00e0 quelques pas de la place de la Concorde : Mado \u00e0 Paris. J\u2019ai d\u00e9couvert leur concept l\u2019ann\u00e9e derni\u00e8re au Salon du Chocolat et j\u2019ai \u00e9t\u00e9 ravie de les revoir en 2019. C\u2019est l\u2019occasion pour moi de vous en dire un peu plus sur Mado \u00e0 Paris !<\/span>[\/vc_column_text][vc_row_inner row_inner_height_percent=&#8221;0&#8243; overlay_alpha=&#8221;50&#8243; gutter_size=&#8221;3&#8243; shift_y=&#8221;0&#8243; z_index=&#8221;0&#8243; uncode_shortcode_id=&#8221;128398&#8243; shape_dividers=&#8221;&#8221;][vc_column_inner column_width_percent=&#8221;100&#8243; align_horizontal=&#8221;align_center&#8221; gutter_size=&#8221;3&#8243; style=&#8221;light&#8221; overlay_alpha=&#8221;50&#8243; shift_x=&#8221;0&#8243; shift_y=&#8221;0&#8243; shift_y_down=&#8221;0&#8243; z_index=&#8221;0&#8243; medium_width=&#8221;0&#8243; mobile_width=&#8221;0&#8243; width=&#8221;1\/1&#8243; uncode_shortcode_id=&#8221;137212&#8243;][vc_button button_color=&#8221;color-653206&#8243; size=&#8221;btn-sm&#8221; hover_fx=&#8221;full-colored&#8221; border_width=&#8221;0&#8243; button_color_type=&#8221;uncode-palette&#8221; uncode_shortcode_id=&#8221;175816&#8243; el_class=&#8221;btn-yellow popmake-1242&#8243; link=&#8221;url:https%3A%2F%2Fmarshmalloword.com%2F2019%2F11%2Fou-manger-des-madeleines-a-paris-chez-mado-a-paris.html|target:_blank|&#8221;]Read more[\/vc_button][\/vc_column_inner][\/vc_row_inner][\/vc_column][\/vc_row][vc_row unlock_row_content=&#8221;yes&#8221; row_height_percent=&#8221;0&#8243; override_padding=&#8221;yes&#8221; h_padding=&#8221;4&#8243; top_padding=&#8221;2&#8243; bottom_padding=&#8221;2&#8243; overlay_alpha=&#8221;50&#8243; gutter_size=&#8221;0&#8243; column_width_percent=&#8221;100&#8243; shift_y=&#8221;0&#8243; z_index=&#8221;0&#8243; uncode_shortcode_id=&#8221;170664&#8243;][vc_column column_width_percent=&#8221;100&#8243; gutter_size=&#8221;3&#8243; override_padding=&#8221;yes&#8221; column_padding=&#8221;0&#8243; overlay_alpha=&#8221;50&#8243; shift_x=&#8221;3&#8243; shift_y=&#8221;0&#8243; shift_y_down=&#8221;0&#8243; z_index=&#8221;5&#8243; medium_width=&#8221;0&#8243; mobile_visibility=&#8221;yes&#8221; mobile_width=&#8221;0&#8243; css_animation=&#8221;left-t-right&#8221; parallax_intensity=&#8221;2&#8243; width=&#8221;1\/3&#8243; uncode_shortcode_id=&#8221;145254&#8243;][\/vc_column][vc_column column_width_percent=&#8221;100&#8243; align_horizontal=&#8221;align_center&#8221; gutter_size=&#8221;3&#8243; override_padding=&#8221;yes&#8221; column_padding=&#8221;0&#8243; overlay_alpha=&#8221;50&#8243; shift_x=&#8221;0&#8243; shift_y=&#8221;2&#8243; shift_y_down=&#8221;0&#8243; z_index=&#8221;2&#8243; medium_width=&#8221;0&#8243; mobile_visibility=&#8221;yes&#8221; mobile_width=&#8221;0&#8243; css_animation=&#8221;top-t-bottom&#8221; parallax_intensity=&#8221;3&#8243; width=&#8221;1\/3&#8243; uncode_shortcode_id=&#8221;160578&#8243;][\/vc_column][vc_column column_width_percent=&#8221;100&#8243; position_horizontal=&#8221;left&#8221; gutter_size=&#8221;3&#8243; overlay_alpha=&#8221;50&#8243; shift_x=&#8221;-3&#8243; shift_y=&#8221;0&#8243; shift_y_down=&#8221;0&#8243; z_index=&#8221;0&#8243; medium_width=&#8221;0&#8243; mobile_width=&#8221;0&#8243; css_animation=&#8221;right-t-left&#8221; parallax_intensity=&#8221;2&#8243; width=&#8221;1\/3&#8243; uncode_shortcode_id=&#8221;127545&#8243;][\/vc_column][\/vc_row]<\/p>\n<\/div>","protected":false},"excerpt":{"rendered":"<p>[vc_row unlock_row_content=&#8221;yes&#8221; row_height_percent=&#8221;50&#8243; back_image=&#8221;411&#8243; back_position=&#8221;center bottom&#8221; parallax=&#8221;yes&#8221; overlay_alpha=&#8221;50&#8243; gutter_size=&#8221;3&#8243; column_width_percent=&#8221;100&#8243; shift_y=&#8221;0&#8243; z_index=&#8221;0&#8243; mobile_visibility=&#8221;yes&#8221; uncode_shortcode_id=&#8221;133259&#8243; row_height_pixel=&#8221;200&#8243; shape_dividers=&#8221;&#8221;][vc_column column_width_percent=&#8221;100&#8243; gutter_size=&#8221;3&#8243; overlay_alpha=&#8221;50&#8243; shift_x=&#8221;0&#8243; [&hellip;]<\/p>\n","protected":false},"author":1,"featured_media":0,"parent":0,"menu_order":0,"comment_status":"closed","ping_status":"closed","template":"","meta":{"_monsterinsights_skip_tracking":false,"_monsterinsights_sitenote_active":false,"_monsterinsights_sitenote_note":"","_monsterinsights_sitenote_category":0,"footnotes":""},"class_list":["post-3603","page","type-page","status-publish","hentry"],"aioseo_notices":[],"_links":{"self":[{"href":"https:\/\/madoaparis.com\/en\/wp-json\/wp\/v2\/pages\/3603","targetHints":{"allow":["GET"]}}],"collection":[{"href":"https:\/\/madoaparis.com\/en\/wp-json\/wp\/v2\/pages"}],"about":[{"href":"https:\/\/madoaparis.com\/en\/wp-json\/wp\/v2\/types\/page"}],"author":[{"embeddable":true,"href":"https:\/\/madoaparis.com\/en\/wp-json\/wp\/v2\/users\/1"}],"replies":[{"embeddable":true,"href":"https:\/\/madoaparis.com\/en\/wp-json\/wp\/v2\/comments?post=3603"}],"version-history":[{"count":0,"href":"https:\/\/madoaparis.com\/en\/wp-json\/wp\/v2\/pages\/3603\/revisions"}],"wp:attachment":[{"href":"https:\/\/madoaparis.com\/en\/wp-json\/wp\/v2\/media?parent=3603"}],"curies":[{"name":"wp","href":"https:\/\/api.w.org\/{rel}","templated":true}]}}