{"id":3154,"date":"2021-12-30T16:03:25","date_gmt":"2021-12-30T15:03:25","guid":{"rendered":"https:\/\/madoaparis.com\/your-events\/"},"modified":"2023-04-14T15:29:06","modified_gmt":"2023-04-14T13:29:06","slug":"your-events","status":"publish","type":"page","link":"https:\/\/madoaparis.com\/en\/your-events\/","title":{"rendered":"Your events"},"content":{"rendered":"<div class=\"wpb-content-wrapper\"><p>[vc_row unlock_row_content=&#8221;yes&#8221; row_height_percent=&#8221;0&#8243; back_color=&#8221;color-xsdn&#8221; overlay_alpha=&#8221;50&#8243; gutter_size=&#8221;3&#8243; column_width_percent=&#8221;100&#8243; shift_y=&#8221;0&#8243; z_index=&#8221;0&#8243; uncode_shortcode_id=&#8221;120488&#8243; back_color_type=&#8221;uncode-palette&#8221;][vc_column column_width_percent=&#8221;100&#8243; align_horizontal=&#8221;align_center&#8221; gutter_size=&#8221;1&#8243; overlay_alpha=&#8221;50&#8243; shift_x=&#8221;0&#8243; shift_y=&#8221;0&#8243; shift_y_down=&#8221;-3&#8243; z_index=&#8221;6&#8243; medium_width=&#8221;0&#8243; align_mobile=&#8221;align_center_mobile&#8221; mobile_width=&#8221;0&#8243; width=&#8221;1\/1&#8243; uncode_shortcode_id=&#8221;319318&#8243;][vc_custom_heading text_font=&#8221;font-627233&#8243; text_size=&#8221;fontsize-175653&#8243; text_weight=&#8221;400&#8243; uncode_shortcode_id=&#8221;978146&#8243;]Mado can take care of[\/vc_custom_heading][vc_custom_heading text_color=&#8221;color-jevc&#8221; text_font=&#8221;font-190878&#8243; text_size=&#8221;fontsize-150607&#8243; text_weight=&#8221;800&#8243; uncode_shortcode_id=&#8221;213690&#8243; text_color_type=&#8221;uncode-palette&#8221; el_class=&#8221;mado-title&#8221;]your events[\/vc_custom_heading][\/vc_column][\/vc_row][vc_row unlock_row_content=&#8221;yes&#8221; row_height_percent=&#8221;42&#8243; back_image=&#8221;1089&#8243; back_repeat=&#8221;no-repeat&#8221; back_position=&#8221;center center&#8221; parallax=&#8221;yes&#8221; overlay_alpha=&#8221;50&#8243; gutter_size=&#8221;3&#8243; column_width_percent=&#8221;100&#8243; shift_y=&#8221;0&#8243; z_index=&#8221;0&#8243; uncode_shortcode_id=&#8221;316254&#8243; back_size=&#8221;cover&#8221;][vc_column column_width_percent=&#8221;100&#8243; gutter_size=&#8221;3&#8243; overlay_alpha=&#8221;50&#8243; shift_x=&#8221;0&#8243; shift_y=&#8221;-3&#8243; shift_y_down=&#8221;0&#8243; z_index=&#8221;0&#8243; medium_width=&#8221;0&#8243; mobile_width=&#8221;0&#8243; width=&#8221;1\/1&#8243; uncode_shortcode_id=&#8221;204763&#8243;][\/vc_column][\/vc_row][vc_row][vc_column column_width_percent=&#8221;100&#8243; align_horizontal=&#8221;align_center&#8221; gutter_size=&#8221;3&#8243; overlay_alpha=&#8221;50&#8243; shift_x=&#8221;0&#8243; shift_y=&#8221;0&#8243; shift_y_down=&#8221;0&#8243; z_index=&#8221;0&#8243; medium_width=&#8221;0&#8243; align_mobile=&#8221;align_left_mobile&#8221; mobile_width=&#8221;0&#8243; width=&#8221;1\/1&#8243; uncode_shortcode_id=&#8221;111031&#8243;][vc_custom_heading heading_semantic=&#8221;h3&#8243; text_font=&#8221;font-190878&#8243; text_size=&#8221;fontsize-179438&#8243; text_weight=&#8221;400&#8243; uncode_shortcode_id=&#8221;268515&#8243;]Between colleagues or friends<br \/>\nwe know how to make you happy[\/vc_custom_heading][\/vc_column][\/vc_row][vc_row row_height_percent=&#8221;0&#8243; overlay_alpha=&#8221;50&#8243; gutter_size=&#8221;4&#8243; column_width_percent=&#8221;100&#8243; shift_y=&#8221;0&#8243; z_index=&#8221;0&#8243; uncode_shortcode_id=&#8221;467734&#8243;][vc_column column_width_percent=&#8221;100&#8243; gutter_size=&#8221;3&#8243; overlay_alpha=&#8221;50&#8243; shift_x=&#8221;0&#8243; shift_y=&#8221;0&#8243; shift_y_down=&#8221;0&#8243; z_index=&#8221;0&#8243; medium_width=&#8221;0&#8243; align_mobile=&#8221;align_left_mobile&#8221; mobile_width=&#8221;0&#8243; width=&#8221;1\/3&#8243; uncode_shortcode_id=&#8221;342148&#8243;][vc_row_inner][vc_column_inner column_width_percent=&#8221;100&#8243; align_horizontal=&#8221;align_center&#8221; gutter_size=&#8221;3&#8243; overlay_alpha=&#8221;50&#8243; shift_x=&#8221;0&#8243; shift_y=&#8221;0&#8243; shift_y_down=&#8221;0&#8243; z_index=&#8221;0&#8243; medium_width=&#8221;0&#8243; align_mobile=&#8221;align_left_mobile&#8221; mobile_width=&#8221;0&#8243; width=&#8221;1\/1&#8243; uncode_shortcode_id=&#8221;431358&#8243;][vc_custom_heading heading_semantic=&#8221;h3&#8243; text_font=&#8221;font-190878&#8243; text_size=&#8221;fontsize-179438&#8243; text_weight=&#8221;400&#8243; uncode_shortcode_id=&#8221;112018&#8243; el_class=&#8221;mado-yellow_back&#8221;]Personalization[\/vc_custom_heading][\/vc_column_inner][\/vc_row_inner][vc_column_text text_lead=&#8221;yes&#8221; uncode_shortcode_id=&#8221;128812&#8243;]We make tailor-made orders, adapted to all your occasions. In terms of <strong>quantity<\/strong> and <strong>taste<\/strong> everything is possible, <strong>we make it just for you<\/strong>. Think of our mini savoury madeleines for your starters or aperitifs!<\/p>\n<p>In addition, for all orders of at least 50 madeleines, we offer to <strong>personalise them with your logo<\/strong> or a small photo. A detail that does not go unnoticed and always causes a stir at company meetings and weddings.<\/p>\n<p>We also make incredible <strong>homemade chocolate creations<\/strong>to order. Everythins is possible at Mado \u00e0 Paris : <strong>madeleines &#8220;pi\u00e8ce mont\u00e9e&#8221;<\/strong>, table centrepiece, <strong>guest&#8217;s gifts<\/strong>. We will always find the right solution for you! Our motto: adaptation and creativity. Don&#8217;t hesitate to tell us about your project.[\/vc_column_text][vc_button button_color=&#8221;color-653206&#8243; hover_fx=&#8221;outlined&#8221; text_skin=&#8221;yes&#8221; border_width=&#8221;0&#8243; uncode_shortcode_id=&#8221;202146&#8243; button_color_type=&#8221;uncode-palette&#8221; el_class=&#8221;btn-yellow popmake-1110&#8243;]Ask for a quote[\/vc_button][\/vc_column][vc_column column_width_percent=&#8221;100&#8243; gutter_size=&#8221;3&#8243; overlay_alpha=&#8221;50&#8243; shift_x=&#8221;0&#8243; shift_y=&#8221;0&#8243; shift_y_down=&#8221;0&#8243; z_index=&#8221;0&#8243; medium_width=&#8221;0&#8243; align_mobile=&#8221;align_left_mobile&#8221; mobile_width=&#8221;0&#8243; width=&#8221;1\/3&#8243; uncode_shortcode_id=&#8221;988107&#8243;][vc_row_inner][vc_column_inner column_width_percent=&#8221;100&#8243; align_horizontal=&#8221;align_center&#8221; gutter_size=&#8221;3&#8243; overlay_alpha=&#8221;50&#8243; shift_x=&#8221;0&#8243; shift_y=&#8221;0&#8243; shift_y_down=&#8221;0&#8243; z_index=&#8221;0&#8243; medium_width=&#8221;0&#8243; align_mobile=&#8221;align_left_mobile&#8221; mobile_width=&#8221;0&#8243; width=&#8221;1\/1&#8243; uncode_shortcode_id=&#8221;480012&#8243;][vc_custom_heading heading_semantic=&#8221;h3&#8243; text_font=&#8221;font-190878&#8243; text_size=&#8221;fontsize-179438&#8243; text_weight=&#8221;400&#8243; uncode_shortcode_id=&#8221;491653&#8243; el_class=&#8221;mado-yellow_back&#8221;]Animation[\/vc_custom_heading][\/vc_column_inner][\/vc_row_inner][vc_column_text text_lead=&#8221;yes&#8221; uncode_shortcode_id=&#8221;156366&#8243;]Mado \u00e0 Paris is not just about delicious madeleines and other sweets. It is also and above all a philosophy, <strong>a state of mind and an atmosphere.<\/strong> To eat a Mado is to take a bite out of happiness. It&#8217;s like getting a taste of sunshine, of childhood and of France.<\/p>\n<p>With our three-wheeled bicycle, we propose to make your event vibrate even more <strong>directly where you are<\/strong>.[\/vc_column_text][vc_button button_color=&#8221;color-653206&#8243; hover_fx=&#8221;outlined&#8221; text_skin=&#8221;yes&#8221; border_width=&#8221;0&#8243; uncode_shortcode_id=&#8221;770686&#8243; button_color_type=&#8221;uncode-palette&#8221; el_class=&#8221;btn-yellow popmake-1110&#8243;]Ask for a quote[\/vc_button][\/vc_column][vc_column column_width_percent=&#8221;100&#8243; gutter_size=&#8221;3&#8243; overlay_alpha=&#8221;50&#8243; shift_x=&#8221;0&#8243; shift_y=&#8221;0&#8243; shift_y_down=&#8221;0&#8243; z_index=&#8221;0&#8243; medium_width=&#8221;0&#8243; align_mobile=&#8221;align_left_mobile&#8221; mobile_width=&#8221;0&#8243; width=&#8221;1\/3&#8243; uncode_shortcode_id=&#8221;188425&#8243;][vc_row_inner][vc_column_inner column_width_percent=&#8221;100&#8243; align_horizontal=&#8221;align_center&#8221; gutter_size=&#8221;3&#8243; overlay_alpha=&#8221;50&#8243; shift_x=&#8221;0&#8243; shift_y=&#8221;0&#8243; shift_y_down=&#8221;0&#8243; z_index=&#8221;0&#8243; medium_width=&#8221;0&#8243; align_mobile=&#8221;align_left_mobile&#8221; mobile_width=&#8221;0&#8243; width=&#8221;1\/1&#8243; uncode_shortcode_id=&#8221;960179&#8243;][vc_custom_heading heading_semantic=&#8221;h3&#8243; text_font=&#8221;font-190878&#8243; text_size=&#8221;fontsize-179438&#8243; text_weight=&#8221;400&#8243; uncode_shortcode_id=&#8221;176260&#8243; el_class=&#8221;mado-yellow_back&#8221;]Privatisation[\/vc_custom_heading][\/vc_column_inner][\/vc_row_inner][vc_column_text text_lead=&#8221;yes&#8221; uncode_shortcode_id=&#8221;303439&#8243;]For your birthday, baby-shower, afterwork, or business meetings, take advantage of our superb location in the heart of Paris in the mythical rue de Rivoli.<\/p>\n<p>We welcome <strong>up to 40 people<\/strong> in a <strong>warm setting<\/strong> with our <strong>smiling and professional team<\/strong>. An atmosphere like nowhere else combined with the deliciousness of our Madeleines.[\/vc_column_text][vc_button button_color=&#8221;color-653206&#8243; hover_fx=&#8221;outlined&#8221; text_skin=&#8221;yes&#8221; border_width=&#8221;0&#8243; uncode_shortcode_id=&#8221;617084&#8243; button_color_type=&#8221;uncode-palette&#8221; el_class=&#8221;btn-yellow popmake-1110&#8243;]Ask for a quote[\/vc_button][\/vc_column][\/vc_row][vc_row unlock_row_content=&#8221;yes&#8221; row_height_percent=&#8221;0&#8243; override_padding=&#8221;yes&#8221; h_padding=&#8221;4&#8243; top_padding=&#8221;1&#8243; bottom_padding=&#8221;2&#8243; overlay_alpha=&#8221;50&#8243; gutter_size=&#8221;0&#8243; column_width_percent=&#8221;100&#8243; shift_y=&#8221;0&#8243; z_index=&#8221;0&#8243; mobile_visibility=&#8221;yes&#8221; uncode_shortcode_id=&#8221;918460&#8243;][vc_column column_width_percent=&#8221;100&#8243; gutter_size=&#8221;3&#8243; override_padding=&#8221;yes&#8221; column_padding=&#8221;0&#8243; overlay_alpha=&#8221;50&#8243; shift_x=&#8221;3&#8243; shift_y=&#8221;0&#8243; shift_y_down=&#8221;0&#8243; z_index=&#8221;5&#8243; medium_width=&#8221;0&#8243; mobile_visibility=&#8221;yes&#8221; mobile_width=&#8221;0&#8243; css_animation=&#8221;left-t-right&#8221; parallax_intensity=&#8221;2&#8243; width=&#8221;1\/3&#8243; uncode_shortcode_id=&#8221;145254&#8243;][vc_single_image media=&#8221;1219&#8243; media_width_percent=&#8221;75&#8243; alignment=&#8221;right&#8221; uncode_shortcode_id=&#8221;204853&#8243;][\/vc_column][vc_column column_width_percent=&#8221;100&#8243; align_horizontal=&#8221;align_center&#8221; gutter_size=&#8221;3&#8243; override_padding=&#8221;yes&#8221; column_padding=&#8221;0&#8243; overlay_alpha=&#8221;50&#8243; shift_x=&#8221;0&#8243; shift_y=&#8221;2&#8243; shift_y_down=&#8221;0&#8243; z_index=&#8221;2&#8243; medium_width=&#8221;0&#8243; mobile_visibility=&#8221;yes&#8221; mobile_width=&#8221;0&#8243; css_animation=&#8221;top-t-bottom&#8221; parallax_intensity=&#8221;3&#8243; width=&#8221;1\/3&#8243; uncode_shortcode_id=&#8221;160578&#8243;][vc_single_image media=&#8221;1103&#8243; media_width_percent=&#8221;100&#8243; alignment=&#8221;center&#8221; uncode_shortcode_id=&#8221;117999&#8243;][\/vc_column][vc_column column_width_percent=&#8221;100&#8243; position_horizontal=&#8221;right&#8221; align_horizontal=&#8221;align_right&#8221; gutter_size=&#8221;3&#8243; overlay_alpha=&#8221;50&#8243; shift_x=&#8221;-5&#8243; shift_y=&#8221;0&#8243; shift_y_down=&#8221;0&#8243; z_index=&#8221;0&#8243; medium_width=&#8221;0&#8243; mobile_visibility=&#8221;yes&#8221; align_mobile=&#8221;align_center_mobile&#8221; mobile_width=&#8221;0&#8243; css_animation=&#8221;right-t-left&#8221; parallax_intensity=&#8221;2&#8243; width=&#8221;1\/3&#8243; uncode_shortcode_id=&#8221;114582&#8243;][vc_single_image media=&#8221;1100&#8243; media_width_percent=&#8221;75&#8243; alignment=&#8221;right&#8221; uncode_shortcode_id=&#8221;200226&#8243;][\/vc_column][\/vc_row][vc_row row_height_percent=&#8221;0&#8243; overlay_alpha=&#8221;50&#8243; gutter_size=&#8221;3&#8243; column_width_percent=&#8221;100&#8243; shift_y=&#8221;0&#8243; z_index=&#8221;0&#8243; desktop_visibility=&#8221;yes&#8221; medium_visibility=&#8221;yes&#8221; uncode_shortcode_id=&#8221;149185&#8243;][vc_column width=&#8221;1\/1&#8243;][vc_single_image media=&#8221;1100&#8243; media_width_percent=&#8221;100&#8243; alignment=&#8221;center&#8221; uncode_shortcode_id=&#8221;825716&#8243;][vc_single_image media=&#8221;1219&#8243; media_width_percent=&#8221;100&#8243; alignment=&#8221;center&#8221; uncode_shortcode_id=&#8221;166881&#8243;][vc_single_image media=&#8221;1103&#8243; media_width_percent=&#8221;100&#8243; alignment=&#8221;center&#8221; uncode_shortcode_id=&#8221;117999&#8243;][\/vc_column][\/vc_row]<\/p>\n<\/div>","protected":false},"excerpt":{"rendered":"<p>[vc_row unlock_row_content=&#8221;yes&#8221; row_height_percent=&#8221;0&#8243; back_color=&#8221;color-xsdn&#8221; overlay_alpha=&#8221;50&#8243; gutter_size=&#8221;3&#8243; column_width_percent=&#8221;100&#8243; shift_y=&#8221;0&#8243; z_index=&#8221;0&#8243; uncode_shortcode_id=&#8221;120488&#8243; back_color_type=&#8221;uncode-palette&#8221;][vc_column column_width_percent=&#8221;100&#8243; align_horizontal=&#8221;align_center&#8221; gutter_size=&#8221;1&#8243; overlay_alpha=&#8221;50&#8243; shift_x=&#8221;0&#8243; shift_y=&#8221;0&#8243; shift_y_down=&#8221;-3&#8243; z_index=&#8221;6&#8243; medium_width=&#8221;0&#8243; [&hellip;]<\/p>\n","protected":false},"author":1,"featured_media":0,"parent":0,"menu_order":0,"comment_status":"closed","ping_status":"closed","template":"","meta":{"_monsterinsights_skip_tracking":false,"_monsterinsights_sitenote_active":false,"_monsterinsights_sitenote_note":"","_monsterinsights_sitenote_category":0,"footnotes":""},"class_list":["post-3154","page","type-page","status-publish","hentry"],"aioseo_notices":[],"_links":{"self":[{"href":"https:\/\/madoaparis.com\/en\/wp-json\/wp\/v2\/pages\/3154","targetHints":{"allow":["GET"]}}],"collection":[{"href":"https:\/\/madoaparis.com\/en\/wp-json\/wp\/v2\/pages"}],"about":[{"href":"https:\/\/madoaparis.com\/en\/wp-json\/wp\/v2\/types\/page"}],"author":[{"embeddable":true,"href":"https:\/\/madoaparis.com\/en\/wp-json\/wp\/v2\/users\/1"}],"replies":[{"embeddable":true,"href":"https:\/\/madoaparis.com\/en\/wp-json\/wp\/v2\/comments?post=3154"}],"version-history":[{"count":0,"href":"https:\/\/madoaparis.com\/en\/wp-json\/wp\/v2\/pages\/3154\/revisions"}],"wp:attachment":[{"href":"https:\/\/madoaparis.com\/en\/wp-json\/wp\/v2\/media?parent=3154"}],"curies":[{"name":"wp","href":"https:\/\/api.w.org\/{rel}","templated":true}]}}